{"id":68,"date":"2022-05-10T16:19:39","date_gmt":"2022-05-10T14:19:39","guid":{"rendered":"https:\/\/lacamioneta.fr\/?page_id=68"},"modified":"2022-05-10T16:21:26","modified_gmt":"2022-05-10T14:21:26","slug":"discotheque-mobile","status":"publish","type":"page","link":"https:\/\/lacamioneta.fr\/?page_id=68","title":{"rendered":""},"content":{"rendered":"\n<div class=\"wp-block-group alignfull has-background-color has-foreground-background-color has-text-color has-background has-link-color wp-elements-8ba132bfec24b83eb31902d31b594046 is-layout-constrained wp-block-group-is-layout-constrained\" style=\"padding-top:0px;padding-bottom:var(--wp--custom--spacing--large, 8rem)\">\n<div class=\"wp-block-group alignfull is-layout-constrained wp-block-group-is-layout-constrained\" style=\"padding-top:0px;padding-bottom:0px\">\n<div class=\"wp-block-group alignwide is-content-justification-space-between is-layout-flex wp-container-core-group-is-layout-5d39869e wp-block-group-is-layout-flex\" style=\"padding-top:var(--wp--custom--spacing--small, 1.25rem);padding-bottom:var(--wp--custom--spacing--large, 8rem)\">\n<div class=\"wp-block-group is-layout-flex wp-block-group-is-layout-flex\"><div class=\"wp-block-site-logo\"><a href=\"https:\/\/lacamioneta.fr\/\" class=\"custom-logo-link\" rel=\"home\"><img loading=\"lazy\" decoding=\"async\" width=\"269\" height=\"147\" src=\"https:\/\/lacamioneta.fr\/wp-content\/uploads\/2022\/05\/slogan-1.png\" class=\"custom-logo\" alt=\"La Camioneta\" srcset=\"https:\/\/lacamioneta.fr\/wp-content\/uploads\/2022\/05\/slogan-1.png 737w, https:\/\/lacamioneta.fr\/wp-content\/uploads\/2022\/05\/slogan-1-300x164.png 300w\" sizes=\"auto, (max-width: 269px) 100vw, 269px\" \/><\/a><\/div><\/div>\n\n\n\n<p>DISCOTHEQUE MOBILE<\/p>\n<\/div>\n<\/div>\n<\/div>\n\n\n\n<div style=\"height:66px\" aria-hidden=\"true\" class=\"wp-block-spacer\"><\/div>\n\n\n\n<div class=\"wp-block-columns is-layout-flex wp-container-core-columns-is-layout-28f84493 wp-block-columns-is-layout-flex\">\n<div class=\"wp-block-column is-layout-flow wp-block-column-is-layout-flow\" style=\"flex-basis:33.33%\">\n<figure class=\"wp-block-image size-full is-resized\"><img loading=\"lazy\" decoding=\"async\" src=\"https:\/\/lacamioneta.fr\/wp-content\/uploads\/2022\/05\/discotheque-mobile-BLACK.png\" alt=\"\" class=\"wp-image-24\" width=\"207\" height=\"111\" srcset=\"https:\/\/lacamioneta.fr\/wp-content\/uploads\/2022\/05\/discotheque-mobile-BLACK.png 750w, https:\/\/lacamioneta.fr\/wp-content\/uploads\/2022\/05\/discotheque-mobile-BLACK-300x162.png 300w\" sizes=\"auto, (max-width: 207px) 100vw, 207px\" \/><\/figure>\n<\/div>\n\n\n\n<div class=\"wp-block-column is-layout-flow wp-block-column-is-layout-flow\" style=\"flex-basis:66.66%\">\n<p>C&rsquo;est l&rsquo;essence m\u00eame de La Camioneta !<\/p>\n\n\n\n<p>Prenez un disquaire, ajoutez une bonne dose de son, une pinc\u00e9e d&rsquo;\u00e9clairage, ajoutez un soup\u00e7on de fum\u00e9e et vous obtenez une discoth\u00e8que mobile des plus impressionnante ! <\/p>\n\n\n\n<p>Celle-ci est le fruit d&rsquo;ann\u00e9es d&rsquo;am\u00e9liorations de modifications, d&rsquo;exp\u00e9rience et d&rsquo;expertise de cette recette magique qui permet de faire danser tous ages et tous horizons.<\/p>\n\n\n\n<p><\/p>\n<\/div>\n<\/div>\n\n\n\n<p><\/p>\n","protected":false},"excerpt":{"rendered":"<p>DISCOTHEQUE MOBILE C&rsquo;est l&rsquo;essence m\u00eame de La Camioneta ! Prenez un disquaire, ajoutez une bonne dose de son, une pinc\u00e9e d&rsquo;\u00e9clairage, ajoutez un soup\u00e7on de fum\u00e9e et vous obtenez une discoth\u00e8que mobile des plus impressionnante ! Celle-ci est le fruit d&rsquo;ann\u00e9es d&rsquo;am\u00e9liorations de modifications, d&rsquo;exp\u00e9rience et d&rsquo;expertise de cette recette magique qui permet de faire [&hellip;]<\/p>\n","protected":false},"author":1,"featured_media":0,"parent":0,"menu_order":0,"comment_status":"closed","ping_status":"closed","template":"blank","meta":{"footnotes":""},"class_list":["post-68","page","type-page","status-publish","hentry"],"_links":{"self":[{"href":"https:\/\/lacamioneta.fr\/index.php?rest_route=\/wp\/v2\/pages\/68","targetHints":{"allow":["GET"]}}],"collection":[{"href":"https:\/\/lacamioneta.fr\/index.php?rest_route=\/wp\/v2\/pages"}],"about":[{"href":"https:\/\/lacamioneta.fr\/index.php?rest_route=\/wp\/v2\/types\/page"}],"author":[{"embeddable":true,"href":"https:\/\/lacamioneta.fr\/index.php?rest_route=\/wp\/v2\/users\/1"}],"replies":[{"embeddable":true,"href":"https:\/\/lacamioneta.fr\/index.php?rest_route=%2Fwp%2Fv2%2Fcomments&post=68"}],"version-history":[{"count":2,"href":"https:\/\/lacamioneta.fr\/index.php?rest_route=\/wp\/v2\/pages\/68\/revisions"}],"predecessor-version":[{"id":72,"href":"https:\/\/lacamioneta.fr\/index.php?rest_route=\/wp\/v2\/pages\/68\/revisions\/72"}],"wp:attachment":[{"href":"https:\/\/lacamioneta.fr\/index.php?rest_route=%2Fwp%2Fv2%2Fmedia&parent=68"}],"curies":[{"name":"wp","href":"https:\/\/api.w.org\/{rel}","templated":true}]}}