{"id":83,"date":"2022-09-30T15:59:32","date_gmt":"2022-09-30T13:59:32","guid":{"rendered":"https:\/\/lacamioneta.fr\/?page_id=83"},"modified":"2022-09-30T22:48:40","modified_gmt":"2022-09-30T20:48:40","slug":"83-2","status":"publish","type":"page","link":"https:\/\/lacamioneta.fr\/?page_id=83","title":{"rendered":""},"content":{"rendered":"\n<div class=\"wp-block-group alignfull has-background-color has-foreground-background-color has-text-color has-background has-link-color wp-elements-85c56b925595fc573963aeef43698549 is-layout-constrained wp-block-group-is-layout-constrained\" style=\"padding-top:0px;padding-bottom:var(u002du002dwpu002du002dcustomu002du002dspacingu002du002dlarge, 8rem)\">\n<div class=\"wp-block-group alignfull is-layout-constrained wp-block-group-is-layout-constrained\" style=\"padding-top:0px;padding-bottom:0px\">\n<div class=\"wp-block-group alignwide is-content-justification-space-between is-layout-flex wp-container-core-group-is-layout-ce948d0d wp-block-group-is-layout-flex\" style=\"padding-top:var(u002du002dwpu002du002dcustomu002du002dspacingu002du002dsmall, 1.25rem);padding-bottom:var(u002du002dwpu002du002dcustomu002du002dspacingu002du002dlarge, 8rem)\">\n<div class=\"wp-block-group is-layout-flex wp-block-group-is-layout-flex\"><div class=\"wp-block-site-logo\"><a href=\"https:\/\/lacamioneta.fr\/\" class=\"custom-logo-link\" rel=\"home\"><img loading=\"lazy\" decoding=\"async\" width=\"269\" height=\"147\" src=\"https:\/\/lacamioneta.fr\/wp-content\/uploads\/2022\/05\/slogan-1.png\" class=\"custom-logo\" alt=\"La Camioneta\" srcset=\"https:\/\/lacamioneta.fr\/wp-content\/uploads\/2022\/05\/slogan-1.png 737w, https:\/\/lacamioneta.fr\/wp-content\/uploads\/2022\/05\/slogan-1-300x164.png 300w\" sizes=\"auto, (max-width: 269px) 100vw, 269px\" \/><\/a><\/div><\/div>\n\n\n\n<p class=\"has-x-large-font-size\">Evenements<\/p>\n<\/div>\n<\/div>\n<\/div>\n\n\n\n<div style=\"height:66px\" aria-hidden=\"true\" class=\"wp-block-spacer\"><\/div>\n\n\n\n<div class=\"wp-block-columns is-layout-flex wp-container-core-columns-is-layout-28f84493 wp-block-columns-is-layout-flex\">\n<div class=\"wp-block-column is-layout-flow wp-block-column-is-layout-flow\" style=\"flex-basis:33.33%\">\n<figure class=\"wp-block-image size-full\"><img loading=\"lazy\" decoding=\"async\" width=\"749\" height=\"404\" src=\"https:\/\/lacamioneta.fr\/wp-content\/uploads\/2022\/05\/evenements-black.png\" alt=\"\" class=\"wp-image-25\" srcset=\"https:\/\/lacamioneta.fr\/wp-content\/uploads\/2022\/05\/evenements-black.png 749w, https:\/\/lacamioneta.fr\/wp-content\/uploads\/2022\/05\/evenements-black-300x162.png 300w\" sizes=\"auto, (max-width: 749px) 100vw, 749px\" \/><\/figure>\n<\/div>\n\n\n\n<div class=\"wp-block-column is-layout-flow wp-block-column-is-layout-flow\" style=\"flex-basis:66.66%\">\n<p>Un \u00e9v\u00e8nement \u00e0 monter de toute pi\u00e8ce, des besoins sp\u00e9cifiques ou un renfort technique ?<\/p>\n\n\n\n<p>La r\u00e9gie d&rsquo;\u00e9v\u00e8nements fait partie de nos comp\u00e9tences internes, nous disposons des contacts et des solutions pour n&rsquo;importe quel budget et taille d&rsquo;\u00e9v\u00e8nement.<\/p>\n\n\n\n<p>R\u00e9gie g\u00e9n\u00e9rale, direction technique, faites confiance \u00e0 des professionnels exp\u00e9riment\u00e9s pour vous concentrer sur la r\u00e9ussite de votre \u00e9v\u00e8nement !<\/p>\n\n\n\n<p>Festival, concert, spectacle&#8230; ne cherchez plus !<\/p>\n\n\n\n<p>La Camioneta arrive \u00e0 la rescousse.<\/p>\n<\/div>\n<\/div>\n\n\n\n<p><\/p>\n","protected":false},"excerpt":{"rendered":"<p>Evenements Un \u00e9v\u00e8nement \u00e0 monter de toute pi\u00e8ce, des besoins sp\u00e9cifiques ou un renfort technique ? La r\u00e9gie d&rsquo;\u00e9v\u00e8nements fait partie de nos comp\u00e9tences internes, nous disposons des contacts et des solutions pour n&rsquo;importe quel budget et taille d&rsquo;\u00e9v\u00e8nement. R\u00e9gie g\u00e9n\u00e9rale, direction technique, faites confiance \u00e0 des professionnels exp\u00e9riment\u00e9s pour vous concentrer sur la r\u00e9ussite [&hellip;]<\/p>\n","protected":false},"author":1,"featured_media":0,"parent":0,"menu_order":0,"comment_status":"closed","ping_status":"closed","template":"blank","meta":{"footnotes":""},"class_list":["post-83","page","type-page","status-publish","hentry"],"_links":{"self":[{"href":"https:\/\/lacamioneta.fr\/index.php?rest_route=\/wp\/v2\/pages\/83","targetHints":{"allow":["GET"]}}],"collection":[{"href":"https:\/\/lacamioneta.fr\/index.php?rest_route=\/wp\/v2\/pages"}],"about":[{"href":"https:\/\/lacamioneta.fr\/index.php?rest_route=\/wp\/v2\/types\/page"}],"author":[{"embeddable":true,"href":"https:\/\/lacamioneta.fr\/index.php?rest_route=\/wp\/v2\/users\/1"}],"replies":[{"embeddable":true,"href":"https:\/\/lacamioneta.fr\/index.php?rest_route=%2Fwp%2Fv2%2Fcomments&post=83"}],"version-history":[{"count":3,"href":"https:\/\/lacamioneta.fr\/index.php?rest_route=\/wp\/v2\/pages\/83\/revisions"}],"predecessor-version":[{"id":91,"href":"https:\/\/lacamioneta.fr\/index.php?rest_route=\/wp\/v2\/pages\/83\/revisions\/91"}],"wp:attachment":[{"href":"https:\/\/lacamioneta.fr\/index.php?rest_route=%2Fwp%2Fv2%2Fmedia&parent=83"}],"curies":[{"name":"wp","href":"https:\/\/api.w.org\/{rel}","templated":true}]}}