{"id":85,"date":"2022-09-30T16:08:08","date_gmt":"2022-09-30T14:08:08","guid":{"rendered":"https:\/\/lacamioneta.fr\/?page_id=85"},"modified":"2022-09-30T22:49:01","modified_gmt":"2022-09-30T20:49:01","slug":"85-2","status":"publish","type":"page","link":"https:\/\/lacamioneta.fr\/?page_id=85","title":{"rendered":""},"content":{"rendered":"\n<div class=\"wp-block-group alignfull has-background-color has-foreground-background-color has-text-color has-background has-link-color wp-elements-ecb04421d322f46d5962e0e0b0f2d974 is-layout-constrained wp-block-group-is-layout-constrained\" style=\"padding-top:0px;padding-bottom:var(u002du002dwpu002du002dcustomu002du002dspacingu002du002dlarge, 8rem)\">\n<div class=\"wp-block-group alignfull is-layout-constrained wp-block-group-is-layout-constrained\" style=\"padding-top:0px;padding-bottom:0px\">\n<div class=\"wp-block-group alignwide is-content-justification-space-between is-layout-flex wp-container-core-group-is-layout-ce948d0d wp-block-group-is-layout-flex\" style=\"padding-top:var(u002du002dwpu002du002dcustomu002du002dspacingu002du002dsmall, 1.25rem);padding-bottom:var(u002du002dwpu002du002dcustomu002du002dspacingu002du002dlarge, 8rem)\">\n<div class=\"wp-block-group is-layout-flex wp-block-group-is-layout-flex\"><div class=\"wp-block-site-logo\"><a href=\"https:\/\/lacamioneta.fr\/\" class=\"custom-logo-link\" rel=\"home\"><img loading=\"lazy\" decoding=\"async\" width=\"269\" height=\"147\" src=\"https:\/\/lacamioneta.fr\/wp-content\/uploads\/2022\/05\/slogan-1.png\" class=\"custom-logo\" alt=\"La Camioneta\" srcset=\"https:\/\/lacamioneta.fr\/wp-content\/uploads\/2022\/05\/slogan-1.png 737w, https:\/\/lacamioneta.fr\/wp-content\/uploads\/2022\/05\/slogan-1-300x164.png 300w\" sizes=\"auto, (max-width: 269px) 100vw, 269px\" \/><\/a><\/div><\/div>\n\n\n\n<p class=\"has-x-large-font-size\">Int\u00e9gration<\/p>\n<\/div>\n<\/div>\n<\/div>\n\n\n\n<div style=\"height:66px\" aria-hidden=\"true\" class=\"wp-block-spacer\"><\/div>\n\n\n\n<div class=\"wp-block-columns is-layout-flex wp-container-core-columns-is-layout-28f84493 wp-block-columns-is-layout-flex\">\n<div class=\"wp-block-column is-layout-flow wp-block-column-is-layout-flow\" style=\"flex-basis:33.33%\">\n<figure class=\"wp-block-image size-full\"><img loading=\"lazy\" decoding=\"async\" width=\"743\" height=\"404\" src=\"https:\/\/lacamioneta.fr\/wp-content\/uploads\/2022\/05\/integration-black.png\" alt=\"\" class=\"wp-image-27\" srcset=\"https:\/\/lacamioneta.fr\/wp-content\/uploads\/2022\/05\/integration-black.png 743w, https:\/\/lacamioneta.fr\/wp-content\/uploads\/2022\/05\/integration-black-300x163.png 300w\" sizes=\"auto, (max-width: 743px) 100vw, 743px\" \/><\/figure>\n<\/div>\n\n\n\n<div class=\"wp-block-column is-layout-flow wp-block-column-is-layout-flow\" style=\"flex-basis:66.66%\">\n<p>Nous avons tous un besoin de s&rsquo;\u00e9quiper \u00e0 un moment donn\u00e9, (Bar, bo\u00eete de nuit, salle de concert, magasin, salle de conf\u00e9rences etc&#8230;)<\/p>\n\n\n\n<p>La Camioneta c&rsquo;est aussi l&rsquo;expertise acoustique en pr\u00e9diction qui permettra \u00e0 votre lieu de s&rsquo;exprimer pleinement, que ce soit pour diffuser de la musique, pour des allocutions, des concerts, live-stream ou bien de la visioconf\u00e9rence.<\/p>\n\n\n\n<p>Son, lumi\u00e8re, vid\u00e9o rien ne nous fait peur, au contraire, plus la situation est complexe plus nous sommes ravis de trouver des solutions !<\/p>\n\n\n\n<p>Un principe tr\u00e8s important que nous nous effor\u00e7ons de respecter est la rapport qualit\u00e9\/prix en fournissant des produits que nous connaissons et utilisons \u00e0 des budgets tr\u00e8s raisonnables le tout dans le respect des normes en vigueur.<\/p>\n\n\n\n<p>Pourquoi payer le triple si on ne s&rsquo;y retrouve pas ?<\/p>\n\n\n\n<p>Nous aidons aussi nos confr\u00e8res en disco mobile, orchestres et ind\u00e9pendants de l&rsquo;animation.<\/p>\n\n\n\n<p>Gr\u00e2ce \u00e0 nos comp\u00e9tences sur les produits les plus complexes pour les accompagner dans les r\u00e9glages, solutionner des probl\u00e8mes techniques et en conseillant les investissements, nous sommes pass\u00e9s par l\u00e0 et nous sommes toujours heureux de vous apporter notre aide !<\/p>\n<\/div>\n<\/div>\n\n\n\n<p><\/p>\n","protected":false},"excerpt":{"rendered":"<p>Int\u00e9gration Nous avons tous un besoin de s&rsquo;\u00e9quiper \u00e0 un moment donn\u00e9, (Bar, bo\u00eete de nuit, salle de concert, magasin, salle de conf\u00e9rences etc&#8230;) La Camioneta c&rsquo;est aussi l&rsquo;expertise acoustique en pr\u00e9diction qui permettra \u00e0 votre lieu de s&rsquo;exprimer pleinement, que ce soit pour diffuser de la musique, pour des allocutions, des concerts, live-stream ou [&hellip;]<\/p>\n","protected":false},"author":1,"featured_media":0,"parent":0,"menu_order":0,"comment_status":"closed","ping_status":"closed","template":"blank","meta":{"footnotes":""},"class_list":["post-85","page","type-page","status-publish","hentry"],"_links":{"self":[{"href":"https:\/\/lacamioneta.fr\/index.php?rest_route=\/wp\/v2\/pages\/85","targetHints":{"allow":["GET"]}}],"collection":[{"href":"https:\/\/lacamioneta.fr\/index.php?rest_route=\/wp\/v2\/pages"}],"about":[{"href":"https:\/\/lacamioneta.fr\/index.php?rest_route=\/wp\/v2\/types\/page"}],"author":[{"embeddable":true,"href":"https:\/\/lacamioneta.fr\/index.php?rest_route=\/wp\/v2\/users\/1"}],"replies":[{"embeddable":true,"href":"https:\/\/lacamioneta.fr\/index.php?rest_route=%2Fwp%2Fv2%2Fcomments&post=85"}],"version-history":[{"count":3,"href":"https:\/\/lacamioneta.fr\/index.php?rest_route=\/wp\/v2\/pages\/85\/revisions"}],"predecessor-version":[{"id":92,"href":"https:\/\/lacamioneta.fr\/index.php?rest_route=\/wp\/v2\/pages\/85\/revisions\/92"}],"wp:attachment":[{"href":"https:\/\/lacamioneta.fr\/index.php?rest_route=%2Fwp%2Fv2%2Fmedia&parent=85"}],"curies":[{"name":"wp","href":"https:\/\/api.w.org\/{rel}","templated":true}]}}