{"id":93,"date":"2022-10-05T00:17:01","date_gmt":"2022-10-04T22:17:01","guid":{"rendered":"https:\/\/lacamioneta.fr\/?page_id=93"},"modified":"2022-10-05T00:17:01","modified_gmt":"2022-10-04T22:17:01","slug":"93-2","status":"publish","type":"page","link":"https:\/\/lacamioneta.fr\/?page_id=93","title":{"rendered":""},"content":{"rendered":"\n<div class=\"wp-block-group alignfull has-background-color has-foreground-background-color has-text-color has-background has-link-color wp-elements-6b7d22e2f49167556c17020ff5b6d67b is-layout-constrained wp-block-group-is-layout-constrained\" style=\"padding-top:0px;padding-bottom:var(u002du002dwpu002du002dcustomu002du002dspacingu002du002dlarge, 8rem)\">\n<div class=\"wp-block-group alignfull is-layout-constrained wp-block-group-is-layout-constrained\" style=\"padding-top:0px;padding-bottom:0px\">\n<div class=\"wp-block-group alignwide is-content-justification-space-between is-layout-flex wp-container-core-group-is-layout-ce948d0d wp-block-group-is-layout-flex\" style=\"padding-top:var(u002du002dwpu002du002dcustomu002du002dspacingu002du002dsmall, 1.25rem);padding-bottom:var(u002du002dwpu002du002dcustomu002du002dspacingu002du002dlarge, 8rem)\">\n<div class=\"wp-block-group is-layout-flex wp-block-group-is-layout-flex\"><div class=\"wp-block-site-logo\"><a href=\"https:\/\/lacamioneta.fr\/\" class=\"custom-logo-link\" rel=\"home\"><img loading=\"lazy\" decoding=\"async\" width=\"269\" height=\"147\" src=\"https:\/\/lacamioneta.fr\/wp-content\/uploads\/2022\/05\/slogan-1.png\" class=\"custom-logo\" alt=\"La Camioneta\" srcset=\"https:\/\/lacamioneta.fr\/wp-content\/uploads\/2022\/05\/slogan-1.png 737w, https:\/\/lacamioneta.fr\/wp-content\/uploads\/2022\/05\/slogan-1-300x164.png 300w\" sizes=\"auto, (max-width: 269px) 100vw, 269px\" \/><\/a><\/div><\/div>\n\n\n\n<p class=\"has-x-large-font-size\">Informatique<\/p>\n<\/div>\n<\/div>\n<\/div>\n\n\n\n<div style=\"height:66px\" aria-hidden=\"true\" class=\"wp-block-spacer\"><\/div>\n\n\n\n<div class=\"wp-block-columns is-layout-flex wp-container-core-columns-is-layout-28f84493 wp-block-columns-is-layout-flex\">\n<div class=\"wp-block-column is-layout-flow wp-block-column-is-layout-flow\" style=\"flex-basis:33.33%\">\n<figure class=\"wp-block-image size-full\"><img loading=\"lazy\" decoding=\"async\" width=\"738\" height=\"404\" src=\"https:\/\/lacamioneta.fr\/wp-content\/uploads\/2022\/05\/informatique-black.png\" alt=\"\" class=\"wp-image-26\" srcset=\"https:\/\/lacamioneta.fr\/wp-content\/uploads\/2022\/05\/informatique-black.png 738w, https:\/\/lacamioneta.fr\/wp-content\/uploads\/2022\/05\/informatique-black-300x164.png 300w\" sizes=\"auto, (max-width: 738px) 100vw, 738px\" \/><\/figure>\n<\/div>\n\n\n\n<div class=\"wp-block-column is-layout-flow wp-block-column-is-layout-flow\" style=\"flex-basis:66.66%\">\n<p>Notre monde \u00e9volue, nos habitudes changent.<\/p>\n\n\n\n<p>Nous avons besoin d&rsquo;outils informatiques adapt\u00e9s \u00e0 nos besoins.<\/p>\n\n\n\n<p>La Camioneta c&rsquo;est aussi des comp\u00e9tences en nouvelles technologie.<\/p>\n<\/div>\n<\/div>\n\n\n\n<p><\/p>\n","protected":false},"excerpt":{"rendered":"<p>Informatique Notre monde \u00e9volue, nos habitudes changent. Nous avons besoin d&rsquo;outils informatiques adapt\u00e9s \u00e0 nos besoins. La Camioneta c&rsquo;est aussi des comp\u00e9tences en nouvelles technologie.<\/p>\n","protected":false},"author":1,"featured_media":0,"parent":0,"menu_order":0,"comment_status":"closed","ping_status":"closed","template":"blank","meta":{"footnotes":""},"class_list":["post-93","page","type-page","status-publish","hentry"],"_links":{"self":[{"href":"https:\/\/lacamioneta.fr\/index.php?rest_route=\/wp\/v2\/pages\/93","targetHints":{"allow":["GET"]}}],"collection":[{"href":"https:\/\/lacamioneta.fr\/index.php?rest_route=\/wp\/v2\/pages"}],"about":[{"href":"https:\/\/lacamioneta.fr\/index.php?rest_route=\/wp\/v2\/types\/page"}],"author":[{"embeddable":true,"href":"https:\/\/lacamioneta.fr\/index.php?rest_route=\/wp\/v2\/users\/1"}],"replies":[{"embeddable":true,"href":"https:\/\/lacamioneta.fr\/index.php?rest_route=%2Fwp%2Fv2%2Fcomments&post=93"}],"version-history":[{"count":1,"href":"https:\/\/lacamioneta.fr\/index.php?rest_route=\/wp\/v2\/pages\/93\/revisions"}],"predecessor-version":[{"id":94,"href":"https:\/\/lacamioneta.fr\/index.php?rest_route=\/wp\/v2\/pages\/93\/revisions\/94"}],"wp:attachment":[{"href":"https:\/\/lacamioneta.fr\/index.php?rest_route=%2Fwp%2Fv2%2Fmedia&parent=93"}],"curies":[{"name":"wp","href":"https:\/\/api.w.org\/{rel}","templated":true}]}}